{"id":739,"date":"2016-12-22T12:11:43","date_gmt":"2016-12-22T12:11:43","guid":{"rendered":""},"modified":"2025-12-03T17:00:38","modified_gmt":"2025-12-03T17:00:38","slug":"calandario","status":"publish","type":"page","link":"https:\/\/www.gouey.com\/michael\/www_WP\/calandario\/","title":{"rendered":"Calandario"},"content":{"rendered":"<p><a href=\"https:\/\/www.gouey.com\/michael\/www_WP\/?page_id=735\" target=\"\"><br \/><button>benvenuto<\/button><br \/><\/a><img loading=\"lazy\" decoding=\"async\" src=\"https:\/\/www.gouey.com\/michael\/www_WP\/wp-content\/uploads\/662018_7ba8accc6401d97ea21b5a8b23fa69a5.jpg\" width=\"290\" height=\"235\"\/><a href=\"https:\/\/www.gouey.com\/michael\/www_WP\/?page_id=737\" target=\"\"><br \/><button>foto e descrizione<\/button><br \/><\/a><a href=\"https:\/\/www.gouey.com\/michael\/www_WP\/?page_id=739\" target=\"\"><br \/><button>Calendario<\/button><br \/><\/a><\/p>\n<p class=\"font_8\">Disponibilit\u00e0 e prezzi<\/p>\n<p class=\"font_7\">Qui di seguito, calendario delle disponibilit\u00e0.<\/p>\n<p><a href=\"https:\/\/www.gouey.com\/michael\/www_WP\/?page_id=724\" target=\"\"><br \/><button>Nostra Isola<\/button><br \/><\/a><\/p>\n<h2 class=\"font_2\"><span>Disponibile<\/span><\/h2>\n<p class=\"font_8\">Sfogliare il calendario per la disponibilit\u00e0<\/p>\n<p><a href=\"https:\/\/www.gouey.com\/michael\/www_WP\/?page_id=729\" target=\"\"><br \/><button>carta geografica<\/button><br \/><\/a><\/p>\n<h2 class=\"font_2\"><span>Pi\u00f9 disponibile<\/span><\/h2>\n<p><a href=\"https:\/\/www.gouey.com\/michael\/www_WP\/?page_id=727\" target=\"\"><br \/><button>Contact<\/button><br \/><\/a><a href=\"https:\/\/www.gouey.com\/michael\/www_WP\/?page_id=727\" target=\"\"><br \/><button>PRENOTARE<\/button><br \/><\/a><\/p>\n\n\n<p><\/p>\n","protected":false},"excerpt":{"rendered":"<p>benvenutofoto e descrizioneCalendario Disponibilit\u00e0 e prezzi Qui di seguito, calendario delle disponibilit\u00e0. Nostra Isola Disponibile Sfogliare il calendario per la disponibilit\u00e0 carta geografica Pi\u00f9 disponibile ContactPRENOTARE<\/p>\n","protected":false},"author":5,"featured_media":0,"parent":0,"menu_order":0,"comment_status":"open","ping_status":"closed","template":"","meta":{"footnotes":""},"class_list":["post-739","page","type-page","status-publish","hentry"],"_links":{"self":[{"href":"https:\/\/www.gouey.com\/michael\/www_WP\/wp-json\/wp\/v2\/pages\/739","targetHints":{"allow":["GET"]}}],"collection":[{"href":"https:\/\/www.gouey.com\/michael\/www_WP\/wp-json\/wp\/v2\/pages"}],"about":[{"href":"https:\/\/www.gouey.com\/michael\/www_WP\/wp-json\/wp\/v2\/types\/page"}],"author":[{"embeddable":true,"href":"https:\/\/www.gouey.com\/michael\/www_WP\/wp-json\/wp\/v2\/users\/5"}],"replies":[{"embeddable":true,"href":"https:\/\/www.gouey.com\/michael\/www_WP\/wp-json\/wp\/v2\/comments?post=739"}],"version-history":[{"count":1,"href":"https:\/\/www.gouey.com\/michael\/www_WP\/wp-json\/wp\/v2\/pages\/739\/revisions"}],"predecessor-version":[{"id":1067,"href":"https:\/\/www.gouey.com\/michael\/www_WP\/wp-json\/wp\/v2\/pages\/739\/revisions\/1067"}],"wp:attachment":[{"href":"https:\/\/www.gouey.com\/michael\/www_WP\/wp-json\/wp\/v2\/media?parent=739"}],"curies":[{"name":"wp","href":"https:\/\/api.w.org\/{rel}","templated":true}]}}