{"id":734,"date":"2016-12-22T12:11:43","date_gmt":"2016-12-22T12:11:43","guid":{"rendered":""},"modified":"2016-12-28T14:45:17","modified_gmt":"2016-12-28T14:45:17","slug":"accueil","status":"publish","type":"page","link":"https:\/\/www.gouey.com\/michael\/www_WP\/accueil\/","title":{"rendered":"accueil"},"content":{"rendered":"<div id=\"pl-734\"  class=\"panel-layout\" ><div id=\"pg-734-0\"  class=\"panel-grid panel-no-style\" ><div id=\"pgc-734-0-0\"  class=\"panel-grid-cell\" ><div id=\"panel-734-0-0-0\" class=\"so-panel widget widget_sow-image panel-first-child\" data-index=\"0\" ><div\n\t\t\t\n\t\t\tclass=\"so-widget-sow-image so-widget-sow-image-default-8b5b6f678277-734\"\n\t\t\t\n\t\t>\n<div class=\"sow-image-container\">\n\t\t<img \n\tsrc=\"https:\/\/www.gouey.com\/michael\/www_WP\/wp-content\/uploads\/2016\/12\/jadin-5.jpeg\" width=\"640\" height=\"480\" srcset=\"https:\/\/www.gouey.com\/michael\/www_WP\/wp-content\/uploads\/2016\/12\/jadin-5.jpeg 640w, https:\/\/www.gouey.com\/michael\/www_WP\/wp-content\/uploads\/2016\/12\/jadin-5-300x225.jpeg 300w\" sizes=\"(max-width: 640px) 100vw, 640px\" title=\"Au calme sur une terrasse baign\u00e9e de lumi\u00e8re\" alt=\"\" \t\tclass=\"so-widget-image\"\/>\n\t<\/div>\n\n<\/div><\/div><div id=\"panel-734-0-0-1\" class=\"so-panel widget widget_sow-editor panel-last-child\" data-index=\"1\" ><div\n\t\t\t\n\t\t\tclass=\"so-widget-sow-editor so-widget-sow-editor-base\"\n\t\t\t\n\t\t>\n<div class=\"siteorigin-widget-tinymce textwidget\">\n\t<p style=\"text-align: left;\"><a href=\"https:\/\/www.gouey.com\/michael\/www_WP\/?page_id=730\" target=\"\"><button>Accueil<\/button><\/a><a href=\"https:\/\/www.gouey.com\/michael\/www_WP\/?page_id=721\" target=\"\"><button>Photos et description<\/button><\/a><a href=\"https:\/\/www.gouey.com\/michael\/www_WP\/?page_id=732\" target=\"\"><button>Calendrier<\/button><\/a><a href=\"https:\/\/www.gouey.com\/michael\/www_WP\/?page_id=722\" target=\"\"><button>Notre Ile<\/button><\/a><a href=\"https:\/\/www.gouey.com\/michael\/www_WP\/?page_id=723\" target=\"\"><button>Maps\/Plans<\/button><button>Contact<\/button><\/a><a href=\"https:\/\/www.gouey.com\/michael\/www_WP\/?page_id=726\" target=\"\"><button>Plus d' info<\/button><\/a><\/p>\n<p class=\"font_8\"><span class=\"color_16\">Connaissez-vous l\u2019\u00eele lumineuse ?<\/span><\/p>\n<p class=\"font_8\"><span class=\"color_16\">Du fort Boyard au phare de Chassiron, une\u00a0grande diversit\u00e9 de paysage : les marais, les vignes, les for\u00eats, les dunes et bien s\u00fbr ses plages<\/span><\/p>\n<p class=\"font_6\">La maison<\/p>\n<p class=\"font_8\"><span class=\"color_16\">Installez-vous, et relaxer vous, les vacances commencent! Maison enti\u00e8rement \u00e9quip\u00e9e dispose d'un jardin clos de 300 m\u00b2....<\/span><\/p>\n<p><a href=\"https:\/\/www.gouey.com\/michael\/www_WP\/?page_id=726\" target=\"\"><br \/> <\/a><a href=\"https:\/\/www.gouey.com\/michael\/www_WP\/?page_id=722\" target=\"\"><img loading=\"lazy\" decoding=\"async\" src=\"https:\/\/www.gouey.com\/michael\/www_WP\/wp-content\/uploads\/662018_f28dd4cdca850a8b8bbe5d523b89480b.jpg\" width=\"288\" height=\"150\" \/><\/a><a href=\"https:\/\/www.gouey.com\/michael\/www_WP\/?page_id=726\" target=\"\"><img loading=\"lazy\" decoding=\"async\" src=\"https:\/\/www.gouey.com\/michael\/www_WP\/wp-content\/uploads\/662018_31a0d91006d32882aa193bf9e9b41298.jpg\" width=\"288\" height=\"150\" \/><\/a><a href=\"https:\/\/www.gouey.com\/michael\/www_WP\/?page_id=726\" target=\"\"><img loading=\"lazy\" decoding=\"async\" src=\"https:\/\/www.gouey.com\/michael\/www_WP\/wp-content\/uploads\/662018_a82ba73b022fe0e2130ab6ad460eb487.jpg\" width=\"980\" height=\"490\" \/><\/a><\/p>\n<p class=\"font_8\"><span class=\"color_16\">Connaissez-vous l\u2019\u00eele lumineuse ?<\/span><\/p>\n<p class=\"font_8\"><span class=\"color_16\">Du fort Boyard au phare de Chassiron, une\u00a0grande diversit\u00e9 de paysage : les marais, les vignes, les for\u00eats, les dunes et bien s\u00fbr ses plages<\/span><\/p>\n<p><a href=\"https:\/\/www.gouey.com\/michael\/www_WP\/?page_id=722\" target=\"\"><br \/> <button>Plus d' info<\/button><br \/> <\/a><\/p>\n<\/div>\n<\/div><\/div><\/div><\/div><div id=\"pg-734-1\"  class=\"panel-grid panel-no-style\" ><div id=\"pgc-734-1-0\"  class=\"panel-grid-cell panel-grid-cell-empty\" ><\/div><div id=\"pgc-734-1-1\"  class=\"panel-grid-cell\" ><div id=\"panel-734-1-1-0\" class=\"so-panel widget widget_sow-image panel-first-child panel-last-child\" data-index=\"2\" ><div\n\t\t\t\n\t\t\tclass=\"so-widget-sow-image so-widget-sow-image-default-8b5b6f678277-734\"\n\t\t\t\n\t\t><\/div><\/div><\/div><div id=\"pgc-734-1-2\"  class=\"panel-grid-cell\" ><div id=\"panel-734-1-2-0\" class=\"so-panel widget widget_sow-image panel-first-child panel-last-child\" data-index=\"3\" ><div\n\t\t\t\n\t\t\tclass=\"so-widget-sow-image so-widget-sow-image-default-8b5b6f678277-734\"\n\t\t\t\n\t\t><\/div><\/div><\/div><\/div><\/div>","protected":false},"excerpt":{"rendered":"<p>AccueilPhotos et descriptionCalendrierNotre IleMaps\/PlansContactPlus d&rsquo; infoConnaissez-vous l\u2019\u00eele lumineuse ?Du fort Boyard au phare de Chassiron, une\u00a0grande diversit\u00e9 de paysage : les marais, les vignes, les for\u00eats, les dunes et bien s\u00fbr ses plagesLa maisonInstallez-vous, et relaxer vous, les vacances commencent! &hellip; <a href=\"https:\/\/www.gouey.com\/michael\/www_WP\/accueil\/\">Lire la suite\u00ad\u00ad<\/a><\/p>\n","protected":false},"author":5,"featured_media":0,"parent":0,"menu_order":0,"comment_status":"open","ping_status":"closed","template":"","meta":{"footnotes":""},"class_list":["post-734","page","type-page","status-publish","hentry"],"_links":{"self":[{"href":"https:\/\/www.gouey.com\/michael\/www_WP\/wp-json\/wp\/v2\/pages\/734","targetHints":{"allow":["GET"]}}],"collection":[{"href":"https:\/\/www.gouey.com\/michael\/www_WP\/wp-json\/wp\/v2\/pages"}],"about":[{"href":"https:\/\/www.gouey.com\/michael\/www_WP\/wp-json\/wp\/v2\/types\/page"}],"author":[{"embeddable":true,"href":"https:\/\/www.gouey.com\/michael\/www_WP\/wp-json\/wp\/v2\/users\/5"}],"replies":[{"embeddable":true,"href":"https:\/\/www.gouey.com\/michael\/www_WP\/wp-json\/wp\/v2\/comments?post=734"}],"version-history":[{"count":4,"href":"https:\/\/www.gouey.com\/michael\/www_WP\/wp-json\/wp\/v2\/pages\/734\/revisions"}],"predecessor-version":[{"id":1055,"href":"https:\/\/www.gouey.com\/michael\/www_WP\/wp-json\/wp\/v2\/pages\/734\/revisions\/1055"}],"wp:attachment":[{"href":"https:\/\/www.gouey.com\/michael\/www_WP\/wp-json\/wp\/v2\/media?parent=734"}],"curies":[{"name":"wp","href":"https:\/\/api.w.org\/{rel}","templated":true}]}}