{"id":723,"date":"2016-12-22T12:11:43","date_gmt":"2016-12-22T12:11:43","guid":{"rendered":""},"modified":"2025-12-03T17:01:28","modified_gmt":"2025-12-03T17:01:28","slug":"contact","status":"publish","type":"page","link":"https:\/\/www.gouey.com\/michael\/www_WP\/contact\/","title":{"rendered":"Contact"},"content":{"rendered":"<p><a href=\"https:\/\/www.gouey.com\/michael\/www_WP\/?page_id=730\" target=\"\"><br \/><button>Acceuil<\/button><br \/><\/a><a href=\"https:\/\/www.gouey.com\/michael\/www_WP\/?page_id=721\" target=\"\"><br \/><button>Photos et description<\/button><br \/><\/a><\/p>\n<h2 class=\"font_2\"><span><span color=\"color_0\">Pour s&rsquo;informer :&nbsp;<span>lumineuseoleron@gmail.com<\/span><\/span><\/span><\/h2>\n<h6 class=\"font_6\"><span><span class=\"color_14\"><span color=\"color_0\">\u200b<\/span><\/span>Merci de nous contacter via ce formulaire&nbsp;<\/span><\/h6>\n<p class=\"font_7\"><span><span color=\"color_0\">Posez \u00e9galement vos questions par mail, n&rsquo;oubliez pas notre page <a href=\"http:\/\/lumineuseoleron.wixsite.com\/lumineuseoleron-mult\/#!link\/https:\/\/www.facebook.com\/pages\/Lumineuse-Ol\u00e9ron\/646696892023408\">facebook <\/a>!<\/span><\/span><\/p>\n<h6 class=\"font_6\"><span><span class=\"color_14\"><span color=\"color_0\">Lumineuse Ol\u00e9ron<\/span><\/span><\/span><\/h6>\n<p class=\"font_8\"><span><span color=\"color_0\">17650 Saint Denis d&rsquo; Ol\u00e9ron<\/span><\/span><\/p>\n<p class=\"font_8\"><span>\ufeff<\/span><\/p>\n<p><a href=\"https:\/\/www.gouey.com\/michael\/www_WP\/?page_id=732\" target=\"\"><br \/><button>Calendrier<\/button><br \/><\/a><a href=\"https:\/\/www.gouey.com\/michael\/www_WP\/?page_id=722\" target=\"\"><br \/><button>Notre Ile<\/button><br \/><\/a><a href=\"https:\/\/www.gouey.com\/michael\/www_WP\/?page_id=726\" target=\"\"><br \/><button>Maps\/Plans<\/button><br \/><\/a><a href=\"https:\/\/www.gouey.com\/michael\/www_WP\/?page_id=723\" target=\"\"><br \/><button>Contact<\/button><br \/><\/a><\/p>\n","protected":false},"excerpt":{"rendered":"<p>AcceuilPhotos et description Pour s&rsquo;informer :&nbsp;lumineuseoleron@gmail.com \u200bMerci de nous contacter via ce formulaire&nbsp; Posez \u00e9galement vos questions par mail, n&rsquo;oubliez pas notre page facebook ! Lumineuse Ol\u00e9ron 17650 Saint Denis d&rsquo; Ol\u00e9ron \ufeff CalendrierNotre IleMaps\/PlansContact<\/p>\n","protected":false},"author":5,"featured_media":0,"parent":0,"menu_order":0,"comment_status":"open","ping_status":"closed","template":"","meta":{"footnotes":""},"class_list":["post-723","page","type-page","status-publish","hentry"],"_links":{"self":[{"href":"https:\/\/www.gouey.com\/michael\/www_WP\/wp-json\/wp\/v2\/pages\/723","targetHints":{"allow":["GET"]}}],"collection":[{"href":"https:\/\/www.gouey.com\/michael\/www_WP\/wp-json\/wp\/v2\/pages"}],"about":[{"href":"https:\/\/www.gouey.com\/michael\/www_WP\/wp-json\/wp\/v2\/types\/page"}],"author":[{"embeddable":true,"href":"https:\/\/www.gouey.com\/michael\/www_WP\/wp-json\/wp\/v2\/users\/5"}],"replies":[{"embeddable":true,"href":"https:\/\/www.gouey.com\/michael\/www_WP\/wp-json\/wp\/v2\/comments?post=723"}],"version-history":[{"count":1,"href":"https:\/\/www.gouey.com\/michael\/www_WP\/wp-json\/wp\/v2\/pages\/723\/revisions"}],"predecessor-version":[{"id":1070,"href":"https:\/\/www.gouey.com\/michael\/www_WP\/wp-json\/wp\/v2\/pages\/723\/revisions\/1070"}],"wp:attachment":[{"href":"https:\/\/www.gouey.com\/michael\/www_WP\/wp-json\/wp\/v2\/media?parent=723"}],"curies":[{"name":"wp","href":"https:\/\/api.w.org\/{rel}","templated":true}]}}